{"id":13054,"date":"2026-04-17T18:01:27","date_gmt":"2026-04-17T18:01:27","guid":{"rendered":"https:\/\/prestineliterie.ma\/?post_type=product&#038;p=13054"},"modified":"2026-04-17T18:04:56","modified_gmt":"2026-04-17T18:04:56","slug":"matelas-picollection-blan","status":"publish","type":"product","link":"https:\/\/prestineliterie.ma\/en\/product\/matelas-picollection-blan\/","title":{"rendered":"Matelas Picollection Blan"},"content":{"rendered":"<h3 data-section-id=\"1xl0zde\" data-start=\"750\" data-end=\"796\">\ud83c\udfaf Pourquoi choisir le Picollection Blanc ?<\/h3>\n<p data-start=\"798\" data-end=\"967\">Le matelas Picollection Blanc est con\u00e7u pour ceux qui recherchent un <strong data-start=\"867\" data-end=\"898\">niveau de confort sup\u00e9rieur<\/strong>, avec une finition premium et une sensation de douceur incomparable.<\/p>\n<p data-start=\"969\" data-end=\"1078\">\u2714\ufe0f Accueil moelleux et confortable<br data-start=\"1003\" data-end=\"1006\" \/>\u2714\ufe0f Soutien \u00e9quilibr\u00e9 du corps<br data-start=\"1035\" data-end=\"1038\" \/>\u2714\ufe0f Exp\u00e9rience digne des h\u00f4tels de luxe<\/p>\n<hr data-start=\"1080\" data-end=\"1083\" \/>\n<h3 data-section-id=\"13ejo2w\" data-start=\"1085\" data-end=\"1131\">\ud83c\udf19 Une exp\u00e9rience de sommeil exceptionnelle<\/h3>\n<p data-start=\"1133\" data-end=\"1182\">Gr\u00e2ce \u00e0 sa conception avanc\u00e9e, ce matelas offre :<\/p>\n<p data-start=\"1184\" data-end=\"1304\">\ud83d\udc8e Sensation enveloppante d\u00e8s le premier contact<br data-start=\"1232\" data-end=\"1235\" \/>\ud83d\udc8e R\u00e9duction des points de pression<br data-start=\"1270\" data-end=\"1273\" \/>\ud83d\udc8e Relaxation totale du corps<\/p>\n<hr data-start=\"1306\" data-end=\"1309\" \/>\n<h3 data-section-id=\"5uwzo4\" data-start=\"1311\" data-end=\"1344\">\u2699\ufe0f Caract\u00e9ristiques techniques<\/h3>\n<p data-start=\"1346\" data-end=\"1623\">\u2022 Technologie : Mousse haute qualit\u00e9 multicouches<br data-start=\"1395\" data-end=\"1398\" \/>\u2022 Confort : Moelleux \u00e9quilibr\u00e9<br data-start=\"1428\" data-end=\"1431\" \/>\u2022 Hauteur : \u00b1 30 cm<br data-start=\"1450\" data-end=\"1453\" \/>\u2022 Ind\u00e9pendance de couchage : Oui<br data-start=\"1485\" data-end=\"1488\" \/>\u2022 Tissu : Ultra doux, respirant et hypoallerg\u00e9nique<br data-start=\"1539\" data-end=\"1542\" \/>\u2022 Durabilit\u00e9 : Con\u00e7u pour durer dans le temps<br data-start=\"1587\" data-end=\"1590\" \/>\u2022 Finition : Capitonn\u00e9e premium<\/p>\n<hr data-start=\"1625\" data-end=\"1628\" \/>\n<h3 data-section-id=\"7kqiy9\" data-start=\"1630\" data-end=\"1653\">\ud83c\udfa8 Design &amp; finition<\/h3>\n<p data-start=\"1655\" data-end=\"1784\">Avec son tissu \u00e9l\u00e9gant et ses d\u00e9tails raffin\u00e9s, le Picollection Blanc apporte une <strong data-start=\"1737\" data-end=\"1767\">touche luxueuse et moderne<\/strong> \u00e0 votre chambre.<\/p>\n<p data-start=\"1786\" data-end=\"1858\">Son design s\u2019int\u00e8gre parfaitement dans un univers chic et haut de gamme.<\/p>\n<hr data-start=\"1860\" data-end=\"1863\" \/>\n<h3 data-section-id=\"3ty5lr\" data-start=\"1865\" data-end=\"1888\">\ud83d\udcac Exp\u00e9rience client<\/h3>\n<p data-start=\"1890\" data-end=\"1911\">Le choix id\u00e9al pour :<\/p>\n<p data-start=\"1913\" data-end=\"2015\">\ud83d\udc49 Amateurs de confort doux<br data-start=\"1940\" data-end=\"1943\" \/>\ud83d\udc49 Chambres modernes et \u00e9l\u00e9gantes<br data-start=\"1976\" data-end=\"1979\" \/>\ud83d\udc49 Exp\u00e9rience premium au quotidien<\/p>\n<hr data-start=\"2017\" data-end=\"2020\" \/>\n<h3 data-section-id=\"1ct3pa7\" data-start=\"2022\" data-end=\"2046\">\ud83d\ude9a Livraison au Maroc<\/h3>\n<p data-start=\"2048\" data-end=\"2143\">\u2714\ufe0f Paiement \u00e0 la livraison<br data-start=\"2074\" data-end=\"2077\" \/>\u2714\ufe0f Livraison rapide partout au Maroc<br data-start=\"2113\" data-end=\"2116\" \/>\u2714\ufe0f Service client r\u00e9actif<\/p>","protected":false},"excerpt":{"rendered":"<p data-start=\"354\" data-end=\"519\">Le matelas Picollection Blanc incarne le <strong data-start=\"395\" data-end=\"424\">luxe et le confort absolu<\/strong>, avec une finition \u00e9l\u00e9gante et un accueil exceptionnel pour des nuits profondes et reposantes.<\/p>\n<p data-start=\"521\" data-end=\"612\">\u2728 Confort haut de gamme<br data-start=\"544\" data-end=\"547\" \/>\u2728 Sensation douce et enveloppante<br data-start=\"580\" data-end=\"583\" \/>\u2728 Design \u00e9l\u00e9gant et raffin\u00e9<\/p>\n<p>\ud83d\ude9a Livraison rapide au Maroc<br \/>\n\ud83d\udcb0 Paiement \u00e0 la livraison<br \/>\n\ud83d\udcde Confirmation rapide<\/p>","protected":false},"featured_media":13061,"comment_status":"open","ping_status":"closed","template":"","meta":{"_uag_custom_page_level_css":""},"product_brand":[],"product_cat":[95],"product_tag":[],"class_list":{"0":"post-13054","1":"product","2":"type-product","3":"status-publish","4":"has-post-thumbnail","6":"product_cat-matelas","8":"first","9":"instock","10":"shipping-taxable","11":"purchasable","12":"product-type-variable"},"uagb_featured_image_src":{"full":["https:\/\/prestineliterie.ma\/wp-content\/uploads\/2026\/04\/matelas-picollection-blan-casablanca-1.jpg",900,600,false],"thumbnail":["https:\/\/prestineliterie.ma\/wp-content\/uploads\/2026\/04\/matelas-picollection-blan-casablanca-1-150x150.jpg",150,150,true],"medium":["https:\/\/prestineliterie.ma\/wp-content\/uploads\/2026\/04\/matelas-picollection-blan-casablanca-1-300x200.jpg",300,200,true],"medium_large":["https:\/\/prestineliterie.ma\/wp-content\/uploads\/2026\/04\/matelas-picollection-blan-casablanca-1-768x512.jpg",768,512,true],"large":["https:\/\/prestineliterie.ma\/wp-content\/uploads\/2026\/04\/matelas-picollection-blan-casablanca-1.jpg",900,600,false],"ts_team_thumb":["https:\/\/prestineliterie.ma\/wp-content\/uploads\/2026\/04\/matelas-picollection-blan-casablanca-1-300x300.jpg",300,300,true],"ts_testimonial_thumb":["https:\/\/prestineliterie.ma\/wp-content\/uploads\/2026\/04\/matelas-picollection-blan-casablanca-1-150x150.jpg",150,150,true],"ts_logo_thumb":["https:\/\/prestineliterie.ma\/wp-content\/uploads\/2026\/04\/matelas-picollection-blan-casablanca-1-190x50.jpg",190,50,true],"1536x1536":["https:\/\/prestineliterie.ma\/wp-content\/uploads\/2026\/04\/matelas-picollection-blan-casablanca-1.jpg",900,600,false],"2048x2048":["https:\/\/prestineliterie.ma\/wp-content\/uploads\/2026\/04\/matelas-picollection-blan-casablanca-1.jpg",900,600,false],"trp-custom-language-flag":["https:\/\/prestineliterie.ma\/wp-content\/uploads\/2026\/04\/matelas-picollection-blan-casablanca-1-18x12.jpg",18,12,true],"ts_prod_color_thumb":["https:\/\/prestineliterie.ma\/wp-content\/uploads\/2026\/04\/matelas-picollection-blan-casablanca-1-46x46.jpg",46,46,true],"woocommerce_thumbnail":["https:\/\/prestineliterie.ma\/wp-content\/uploads\/2026\/04\/matelas-picollection-blan-casablanca-1-600x600.jpg",600,600,true],"woocommerce_single":["https:\/\/prestineliterie.ma\/wp-content\/uploads\/2026\/04\/matelas-picollection-blan-casablanca-1.jpg",900,600,false],"woocommerce_gallery_thumbnail":["https:\/\/prestineliterie.ma\/wp-content\/uploads\/2026\/04\/matelas-picollection-blan-casablanca-1-100x100.jpg",100,100,true],"cozycorner_menu_icon_thumb":["https:\/\/prestineliterie.ma\/wp-content\/uploads\/2026\/04\/matelas-picollection-blan-casablanca-1-40x40.jpg",40,40,true],"cozycorner_blog_thumb":["https:\/\/prestineliterie.ma\/wp-content\/uploads\/2026\/04\/matelas-picollection-blan-casablanca-1-580x340.jpg",580,340,true],"cozycorner_blog_thumb_small":["https:\/\/prestineliterie.ma\/wp-content\/uploads\/2026\/04\/matelas-picollection-blan-casablanca-1-460x190.jpg",460,190,true],"cozycorner_product_cat":["https:\/\/prestineliterie.ma\/wp-content\/uploads\/2026\/04\/matelas-picollection-blan-casablanca-1-300x200.jpg",300,200,true],"cozycorner_product_cat_icon":["https:\/\/prestineliterie.ma\/wp-content\/uploads\/2026\/04\/matelas-picollection-blan-casablanca-1-150x150.jpg",150,150,true]},"uagb_author_info":{"display_name":"","author_link":"https:\/\/prestineliterie.ma\/en\/author\/"},"uagb_comment_info":0,"uagb_excerpt":"Le matelas Picollection Blanc incarne le luxe et le confort absolu, avec une finition \u00e9l\u00e9gante et un accueil exceptionnel pour des nuits profondes et reposantes. \u2728 Confort haut de gamme\u2728 Sensation douce et enveloppante\u2728 Design \u00e9l\u00e9gant et raffin\u00e9 \ud83d\ude9a Livraison rapide au Maroc \ud83d\udcb0 Paiement \u00e0 la livraison \ud83d\udcde Confirmation rapide","_links":{"self":[{"href":"https:\/\/prestineliterie.ma\/en\/wp-json\/wp\/v2\/product\/13054","targetHints":{"allow":["GET"]}}],"collection":[{"href":"https:\/\/prestineliterie.ma\/en\/wp-json\/wp\/v2\/product"}],"about":[{"href":"https:\/\/prestineliterie.ma\/en\/wp-json\/wp\/v2\/types\/product"}],"replies":[{"embeddable":true,"href":"https:\/\/prestineliterie.ma\/en\/wp-json\/wp\/v2\/comments?post=13054"}],"wp:featuredmedia":[{"embeddable":true,"href":"https:\/\/prestineliterie.ma\/en\/wp-json\/wp\/v2\/media\/13061"}],"wp:attachment":[{"href":"https:\/\/prestineliterie.ma\/en\/wp-json\/wp\/v2\/media?parent=13054"}],"wp:term":[{"taxonomy":"product_brand","embeddable":true,"href":"https:\/\/prestineliterie.ma\/en\/wp-json\/wp\/v2\/product_brand?post=13054"},{"taxonomy":"product_cat","embeddable":true,"href":"https:\/\/prestineliterie.ma\/en\/wp-json\/wp\/v2\/product_cat?post=13054"},{"taxonomy":"product_tag","embeddable":true,"href":"https:\/\/prestineliterie.ma\/en\/wp-json\/wp\/v2\/product_tag?post=13054"}],"curies":[{"name":"wp","href":"https:\/\/api.w.org\/{rel}","templated":true}]}}