{"id":13031,"date":"2026-04-17T17:38:29","date_gmt":"2026-04-17T17:38:29","guid":{"rendered":"https:\/\/prestineliterie.ma\/?post_type=product&#038;p=13031"},"modified":"2026-04-17T17:57:34","modified_gmt":"2026-04-17T17:57:34","slug":"matelas-lusso-comfort","status":"publish","type":"product","link":"https:\/\/prestineliterie.ma\/en\/product\/matelas-lusso-comfort\/","title":{"rendered":"Matelas Lusso comfort"},"content":{"rendered":"<h3 data-start=\"781\" data-end=\"822\" data-section-id=\"1m8yw6f\">\ud83c\udfaf Pourquoi choisir le Lusso Comfort ?<\/h3>\n<p data-start=\"824\" data-end=\"957\">Le matelas Lusso Comfort a \u00e9t\u00e9 con\u00e7u pour offrir une <strong data-start=\"877\" data-end=\"916\">exp\u00e9rience de sommeil haut de gamme<\/strong>, combinant douceur, soutien et \u00e9l\u00e9gance.<\/p>\n<p data-start=\"959\" data-end=\"1072\">\u2714\ufe0f Accueil moelleux et agr\u00e9able<br data-start=\"990\" data-end=\"993\" \/>\u2714\ufe0f Maintien optimal du corps<br data-start=\"1021\" data-end=\"1024\" \/>\u2714\ufe0f Id\u00e9al pour un sommeil profond et r\u00e9parateur<\/p>\n<hr data-start=\"1074\" data-end=\"1077\" \/>\n<h3 data-start=\"1079\" data-end=\"1113\" data-section-id=\"1ug9hix\">\ud83c\udf19 Le luxe d\u2019un sommeil profond<\/h3>\n<p data-start=\"1115\" data-end=\"1173\">Gr\u00e2ce \u00e0 sa conception avanc\u00e9e, le Lusso Comfort garantit :<\/p>\n<p data-start=\"1175\" data-end=\"1291\">\ud83d\udc8e R\u00e9duction des points de pression<br data-start=\"1210\" data-end=\"1213\" \/>\ud83d\udc8e Sensation de confort enveloppant<br data-start=\"1248\" data-end=\"1251\" \/>\ud83d\udc8e Moins de mouvements pendant la nuit<\/p>\n<hr data-start=\"1293\" data-end=\"1296\" \/>\n<h3 data-start=\"1298\" data-end=\"1331\" data-section-id=\"5uwzo4\">\u2699\ufe0f Caract\u00e9ristiques techniques<\/h3>\n<p data-start=\"1333\" data-end=\"1633\">\u2022 Technologie : Mousse haute r\u00e9silience + couches de confort premium<br data-start=\"1401\" data-end=\"1404\" \/>\u2022 Confort : Semi-ferme (\u00e9quilibre parfait)<br data-start=\"1446\" data-end=\"1449\" \/>\u2022 Hauteur : \u00b1 30 cm<br data-start=\"1468\" data-end=\"1471\" \/>\u2022 Ind\u00e9pendance de couchage : Oui<br data-start=\"1503\" data-end=\"1506\" \/>\u2022 Tissu : Respirant, doux et anti-allergique<br data-start=\"1550\" data-end=\"1553\" \/>\u2022 Durabilit\u00e9 : Longue dur\u00e9e de vie<br data-start=\"1587\" data-end=\"1590\" \/>\u2022 Finition : Premium avec d\u00e9tails soign\u00e9s<\/p>\n<hr data-start=\"1635\" data-end=\"1638\" \/>\n<h3 data-start=\"1640\" data-end=\"1663\" data-section-id=\"7kqiy9\">\ud83c\udfa8 Design &amp; finition<\/h3>\n<p data-start=\"1665\" data-end=\"1794\">Avec son design moderne et ses finitions \u00e9l\u00e9gantes, le Lusso Comfort apporte une <strong data-start=\"1746\" data-end=\"1777\">touche raffin\u00e9e et luxueuse<\/strong> \u00e0 votre chambre.<\/p>\n<hr data-start=\"1796\" data-end=\"1799\" \/>\n<h3 data-start=\"1801\" data-end=\"1824\" data-section-id=\"3ty5lr\">\ud83d\udcac Exp\u00e9rience client<\/h3>\n<p data-start=\"1826\" data-end=\"1860\">Dormez mieux d\u00e8s la premi\u00e8re nuit.<\/p>\n<p data-start=\"1862\" data-end=\"2024\">Le Lusso Comfort est id\u00e9al pour :<br \/>\n\ud83d\udc49 Les personnes recherchant plus de confort<br data-start=\"1940\" data-end=\"1943\" \/>\ud83d\udc49 Ceux qui veulent un sommeil profond<br data-start=\"1981\" data-end=\"1984\" \/>\ud83d\udc49 Une sensation h\u00f4teli\u00e8re \u00e0 la maison<\/p>\n<hr data-start=\"2026\" data-end=\"2029\" \/>\n<h3 data-start=\"2031\" data-end=\"2055\" data-section-id=\"1ct3pa7\">\ud83d\ude9a Livraison au Maroc<\/h3>\n<p data-start=\"2057\" data-end=\"2155\">\u2714\ufe0f Paiement \u00e0 la livraison<br data-start=\"2083\" data-end=\"2086\" \/>\u2714\ufe0f Livraison rapide partout au Maroc<br data-start=\"2122\" data-end=\"2125\" \/>\u2714\ufe0f Service client disponible<\/p>","protected":false},"excerpt":{"rendered":"<p>Le matelas Lusso Comfort offre un \u00e9quilibre parfait entre douceur et maintien, pour un sommeil profond et r\u00e9parateur d\u00e8s la premi\u00e8re nuit.<\/p>\n<p>\u2714\ufe0f Confort enveloppant<br \/>\n\u2714\ufe0f Soutien \u00e9quilibr\u00e9<br \/>\n\u2714\ufe0f Sensation de luxe imm\u00e9diate<\/p>\n<p>\ud83d\ude9a Livraison rapide au Maroc<br \/>\n\ud83d\udcb0 Paiement \u00e0 la livraison<br \/>\n\ud83d\udcde Confirmation rapide<\/p>","protected":false},"featured_media":13038,"comment_status":"open","ping_status":"closed","template":"","meta":{"_uag_custom_page_level_css":""},"product_brand":[],"product_cat":[95],"product_tag":[],"class_list":{"0":"post-13031","1":"product","2":"type-product","3":"status-publish","4":"has-post-thumbnail","6":"product_cat-matelas","8":"first","9":"instock","10":"shipping-taxable","11":"purchasable","12":"product-type-variable"},"uagb_featured_image_src":{"full":["https:\/\/prestineliterie.ma\/wp-content\/uploads\/2026\/04\/matelas-Lusso-comfort-casablanca.jpg",900,600,false],"thumbnail":["https:\/\/prestineliterie.ma\/wp-content\/uploads\/2026\/04\/matelas-Lusso-comfort-casablanca-150x150.jpg",150,150,true],"medium":["https:\/\/prestineliterie.ma\/wp-content\/uploads\/2026\/04\/matelas-Lusso-comfort-casablanca-300x200.jpg",300,200,true],"medium_large":["https:\/\/prestineliterie.ma\/wp-content\/uploads\/2026\/04\/matelas-Lusso-comfort-casablanca-768x512.jpg",768,512,true],"large":["https:\/\/prestineliterie.ma\/wp-content\/uploads\/2026\/04\/matelas-Lusso-comfort-casablanca.jpg",900,600,false],"ts_team_thumb":["https:\/\/prestineliterie.ma\/wp-content\/uploads\/2026\/04\/matelas-Lusso-comfort-casablanca-300x300.jpg",300,300,true],"ts_testimonial_thumb":["https:\/\/prestineliterie.ma\/wp-content\/uploads\/2026\/04\/matelas-Lusso-comfort-casablanca-150x150.jpg",150,150,true],"ts_logo_thumb":["https:\/\/prestineliterie.ma\/wp-content\/uploads\/2026\/04\/matelas-Lusso-comfort-casablanca-190x50.jpg",190,50,true],"1536x1536":["https:\/\/prestineliterie.ma\/wp-content\/uploads\/2026\/04\/matelas-Lusso-comfort-casablanca.jpg",900,600,false],"2048x2048":["https:\/\/prestineliterie.ma\/wp-content\/uploads\/2026\/04\/matelas-Lusso-comfort-casablanca.jpg",900,600,false],"trp-custom-language-flag":["https:\/\/prestineliterie.ma\/wp-content\/uploads\/2026\/04\/matelas-Lusso-comfort-casablanca-18x12.jpg",18,12,true],"ts_prod_color_thumb":["https:\/\/prestineliterie.ma\/wp-content\/uploads\/2026\/04\/matelas-Lusso-comfort-casablanca-46x46.jpg",46,46,true],"woocommerce_thumbnail":["https:\/\/prestineliterie.ma\/wp-content\/uploads\/2026\/04\/matelas-Lusso-comfort-casablanca-600x600.jpg",600,600,true],"woocommerce_single":["https:\/\/prestineliterie.ma\/wp-content\/uploads\/2026\/04\/matelas-Lusso-comfort-casablanca.jpg",900,600,false],"woocommerce_gallery_thumbnail":["https:\/\/prestineliterie.ma\/wp-content\/uploads\/2026\/04\/matelas-Lusso-comfort-casablanca-100x100.jpg",100,100,true],"cozycorner_menu_icon_thumb":["https:\/\/prestineliterie.ma\/wp-content\/uploads\/2026\/04\/matelas-Lusso-comfort-casablanca-40x40.jpg",40,40,true],"cozycorner_blog_thumb":["https:\/\/prestineliterie.ma\/wp-content\/uploads\/2026\/04\/matelas-Lusso-comfort-casablanca-580x340.jpg",580,340,true],"cozycorner_blog_thumb_small":["https:\/\/prestineliterie.ma\/wp-content\/uploads\/2026\/04\/matelas-Lusso-comfort-casablanca-460x190.jpg",460,190,true],"cozycorner_product_cat":["https:\/\/prestineliterie.ma\/wp-content\/uploads\/2026\/04\/matelas-Lusso-comfort-casablanca-300x200.jpg",300,200,true],"cozycorner_product_cat_icon":["https:\/\/prestineliterie.ma\/wp-content\/uploads\/2026\/04\/matelas-Lusso-comfort-casablanca-150x150.jpg",150,150,true]},"uagb_author_info":{"display_name":"","author_link":"https:\/\/prestineliterie.ma\/en\/author\/"},"uagb_comment_info":0,"uagb_excerpt":"Le matelas Lusso Comfort offre un \u00e9quilibre parfait entre douceur et maintien, pour un sommeil profond et r\u00e9parateur d\u00e8s la premi\u00e8re nuit. \u2714\ufe0f Confort enveloppant \u2714\ufe0f Soutien \u00e9quilibr\u00e9 \u2714\ufe0f Sensation de luxe imm\u00e9diate \ud83d\ude9a Livraison rapide au Maroc \ud83d\udcb0 Paiement \u00e0 la livraison \ud83d\udcde Confirmation rapide","_links":{"self":[{"href":"https:\/\/prestineliterie.ma\/en\/wp-json\/wp\/v2\/product\/13031","targetHints":{"allow":["GET"]}}],"collection":[{"href":"https:\/\/prestineliterie.ma\/en\/wp-json\/wp\/v2\/product"}],"about":[{"href":"https:\/\/prestineliterie.ma\/en\/wp-json\/wp\/v2\/types\/product"}],"replies":[{"embeddable":true,"href":"https:\/\/prestineliterie.ma\/en\/wp-json\/wp\/v2\/comments?post=13031"}],"wp:featuredmedia":[{"embeddable":true,"href":"https:\/\/prestineliterie.ma\/en\/wp-json\/wp\/v2\/media\/13038"}],"wp:attachment":[{"href":"https:\/\/prestineliterie.ma\/en\/wp-json\/wp\/v2\/media?parent=13031"}],"wp:term":[{"taxonomy":"product_brand","embeddable":true,"href":"https:\/\/prestineliterie.ma\/en\/wp-json\/wp\/v2\/product_brand?post=13031"},{"taxonomy":"product_cat","embeddable":true,"href":"https:\/\/prestineliterie.ma\/en\/wp-json\/wp\/v2\/product_cat?post=13031"},{"taxonomy":"product_tag","embeddable":true,"href":"https:\/\/prestineliterie.ma\/en\/wp-json\/wp\/v2\/product_tag?post=13031"}],"curies":[{"name":"wp","href":"https:\/\/api.w.org\/{rel}","templated":true}]}}